{"id":941,"date":"2023-04-06T09:59:34","date_gmt":"2023-04-06T07:59:34","guid":{"rendered":"https:\/\/vizualizace2d3d.cz\/?page_id=941"},"modified":"2023-04-06T10:47:39","modified_gmt":"2023-04-06T08:47:39","slug":"darkovy-poukaz","status":"publish","type":"page","link":"https:\/\/vizualizace2d3d.cz\/en\/darkovy-poukaz\/","title":{"rendered":"Gift Voucher"},"content":{"rendered":"<p><\/p>\n\n\n\n<p><strong>Are you thinking about an original gift for your loved ones or friends for different occasions? <\/strong><\/p>\n\n\n\n<p>Give them a gift voucher for my services.<\/p>\n\n\n\n<p>The voucher is valid for 12 months from the date of issue.<\/p>\n\n\n\n<p>I will fill out the voucher according to our agreement and send it to your e-mail. Just print it and give it as a gift. <\/p>\n\n\n\n<div class=\"wp-container-69e2f89f8037e wp-block-group\"><div class=\"wp-block-group__inner-container\">\n<div class=\"wp-block-columns\">\n<div class=\"wp-block-column is-vertically-aligned-top\" style=\"flex-basis:100%\">\n<p>You can order vouchers by e-mail, by phone or via messenger chat - see the Contact section.<\/p>\n\n\n\n<div class=\"wp-container-69e2f89f7ff4f wp-block-group\"><div class=\"wp-block-group__inner-container\">\n<p><\/p>\n<\/div><\/div>\n<\/div>\n<\/div>\n<\/div><\/div>\n\n\n\n<div class=\"wp-block-envira-envira-gallery\"><div id=\"envira-gallery-wrap-948\" class=\"envira-gallery-wrap envira-gallery-theme-base envira-lightbox-theme-base\" itemscope itemtype=\"https:\/\/schema.org\/ImageGallery\"><div data-row-height=\"\" data-gallery-theme=\"\" id=\"envira-gallery-948\" class=\"envira-gallery-public  envira-gallery-1-columns envira-clear enviratope envira-gallery-css-animations\" data-envira-columns=\"1\"><div id=\"envira-gallery-item-949\" class=\"envira-gallery-item enviratope-item envira-gallery-item-1 envira-lazy-load\" style=\"padding-left: 1px; padding-bottom: 1px; padding-right: 1px;\"  itemscope itemtype=\"https:\/\/schema.org\/ImageObject\"><div class=\"envira-gallery-item-inner\"><div class=\"envira-gallery-position-overlay  envira-gallery-top-left\"><\/div><div class=\"envira-gallery-position-overlay  envira-gallery-top-right\"><\/div><div class=\"envira-gallery-position-overlay  envira-gallery-bottom-left\"><\/div><div class=\"envira-gallery-position-overlay  envira-gallery-bottom-right\"><\/div><a href=\"https:\/\/vizualizace2d3d.cz\/wp-content\/uploads\/2023\/04\/Darkovy-poukaz.png\" class=\"envira-gallery-948 envira-gallery-link\" rel=\"enviragallery948\" title=\"Gift Voucher\" data-envira-caption=\"D\u00e1rkov\u00fd poukaz\" data-envira-retina=\"\" data-thumbnail=\"\"  itemprop=\"contentUrl\"><div class=\"envira-lazy\" data-test-width=\"640\" data-test-height=\"480\" style=\"padding-bottom:75%;\"><img id=\"envira-gallery-image-949\" class=\"envira-gallery-image envira-gallery-image-1\" data-envira-index=\"1\" src=\"https:\/\/vizualizace2d3d.cz\/wp-content\/uploads\/2023\/04\/Darkovy-poukaz.png\" data-envira-src=\"https:\/\/vizualizace2d3d.cz\/wp-content\/uploads\/2023\/04\/Darkovy-poukaz.png\" data-envira-gallery-id=\"948\" data-envira-item-id=\"949\" data-envira-caption=\"D\u00e1rkov\u00fd poukaz\" alt=\"\" title=\"Gift Voucher\"  itemprop=\"thumbnailUrl\" data-envira-srcset=\"https:\/\/vizualizace2d3d.cz\/wp-content\/uploads\/2023\/04\/Darkovy-poukaz.png 400w,https:\/\/vizualizace2d3d.cz\/wp-content\/uploads\/2023\/04\/Darkovy-poukaz.png 2x\" srcset=\"data:image\/gif;base64,R0lGODlhAQABAIAAAP\/\/\/\/\/\/\/yH5BAEKAAEALAAAAAABAAEAAAICTAEAOw==\" \/><\/div><\/a><\/div><\/div><\/div><\/div><noscript><img src=\"https:\/\/vizualizace2d3d.cz\/wp-content\/uploads\/2023\/04\/Darkovy-poukaz.png\" alt=\"\" \/><\/noscript><\/div>","protected":false},"excerpt":{"rendered":"<p>P\u0159em\u00fd\u0161l\u00edte nad origin\u00e1ln\u00edm d\u00e1rkem pro sv\u00e9 bl\u00edzk\u00e9 nebo p\u0159\u00e1tele k\u00a0r\u016fzn\u00fdm p\u0159\u00edle\u017eitostem? Darujte jim d\u00e1rkov\u00fd poukaz na moje slu\u017eby. Platnost poukazu je 12 m\u011bs\u00edc\u016f od vystaven\u00ed. Poukaz dle na\u0161\u00ed dohody vypln\u00edm a za\u0161lu na V\u00e1\u0161 e-mail. Sta\u010d\u00ed ho jen vytisknout a darovat. Poukazy si m\u016f\u017eete objednat e-mailem, telefonicky nebo p\u0159es chat na messengeru &#8211; viz sekce &hellip; <\/p>\n<p class=\"link-more\"><a href=\"https:\/\/vizualizace2d3d.cz\/en\/darkovy-poukaz\/\" class=\"more-link\">Continue reading<span class=\"screen-reader-text\"> &#8222;D\u00e1rkov\u00fd poukaz&#8220;<\/span><\/a><\/p>","protected":false},"author":1,"featured_media":0,"parent":0,"menu_order":0,"comment_status":"closed","ping_status":"closed","template":"","meta":[],"_links":{"self":[{"href":"https:\/\/vizualizace2d3d.cz\/en\/wp-json\/wp\/v2\/pages\/941"}],"collection":[{"href":"https:\/\/vizualizace2d3d.cz\/en\/wp-json\/wp\/v2\/pages"}],"about":[{"href":"https:\/\/vizualizace2d3d.cz\/en\/wp-json\/wp\/v2\/types\/page"}],"author":[{"embeddable":true,"href":"https:\/\/vizualizace2d3d.cz\/en\/wp-json\/wp\/v2\/users\/1"}],"replies":[{"embeddable":true,"href":"https:\/\/vizualizace2d3d.cz\/en\/wp-json\/wp\/v2\/comments?post=941"}],"version-history":[{"count":4,"href":"https:\/\/vizualizace2d3d.cz\/en\/wp-json\/wp\/v2\/pages\/941\/revisions"}],"predecessor-version":[{"id":955,"href":"https:\/\/vizualizace2d3d.cz\/en\/wp-json\/wp\/v2\/pages\/941\/revisions\/955"}],"wp:attachment":[{"href":"https:\/\/vizualizace2d3d.cz\/en\/wp-json\/wp\/v2\/media?parent=941"}],"curies":[{"name":"wp","href":"https:\/\/api.w.org\/{rel}","templated":true}]}}