{"id":618,"date":"2023-02-18T11:39:03","date_gmt":"2023-02-18T11:39:03","guid":{"rendered":"http:\/\/vizualizace2d3d.cz\/?page_id=618"},"modified":"2024-06-24T18:24:27","modified_gmt":"2024-06-24T16:24:27","slug":"kadernictvi","status":"publish","type":"page","link":"https:\/\/vizualizace2d3d.cz\/en\/kadernictvi\/","title":{"rendered":""},"content":{"rendered":"<p><\/p>\n\n\n\n<h2 class=\"has-large-font-size\">Ambulance klinick\u00e9 logopedie<\/h2>\n\n\n\n<div class=\"wp-block-envira-envira-gallery\"><div id=\"envira-gallery-wrap-1693\" class=\"envira-gallery-wrap envira-gallery-theme-base envira-lightbox-theme-base\" itemscope itemtype=\"https:\/\/schema.org\/ImageGallery\"><div data-row-height=\"\" data-gallery-theme=\"\" id=\"envira-gallery-1693\" class=\"envira-gallery-public  envira-gallery-3-columns envira-clear enviratope envira-gallery-css-animations\" data-envira-columns=\"3\"><div id=\"envira-gallery-item-1695\" class=\"envira-gallery-item enviratope-item envira-gallery-item-1 envira-lazy-load\" style=\"padding-left: 5px; padding-bottom: 10px; padding-right: 5px;\"  itemscope itemtype=\"https:\/\/schema.org\/ImageObject\"><div class=\"envira-gallery-item-inner\"><div class=\"envira-gallery-position-overlay  envira-gallery-top-left\"><\/div><div class=\"envira-gallery-position-overlay  envira-gallery-top-right\"><\/div><div class=\"envira-gallery-position-overlay  envira-gallery-bottom-left\"><\/div><div class=\"envira-gallery-position-overlay  envira-gallery-bottom-right\"><\/div><a href=\"https:\/\/vizualizace2d3d.cz\/wp-content\/uploads\/2024\/06\/2-2.png\" class=\"envira-gallery-1693 envira-gallery-link\" rel=\"enviragallery1693\" title=\"2\" data-envira-caption=\"2\" data-envira-retina=\"\" data-thumbnail=\"\"  itemprop=\"contentUrl\"><div class=\"envira-lazy\" data-test-width=\"640\" data-test-height=\"640\" style=\"padding-bottom:100%;\"><img id=\"envira-gallery-image-1695\" class=\"envira-gallery-image envira-gallery-image-1\" data-envira-index=\"1\" src=\"https:\/\/vizualizace2d3d.cz\/wp-content\/uploads\/2024\/06\/2-2-1024x503.png\" data-envira-src=\"https:\/\/vizualizace2d3d.cz\/wp-content\/uploads\/2024\/06\/2-2-1024x503.png\" data-envira-gallery-id=\"1693\" data-envira-item-id=\"1695\" data-envira-caption=\"2\" alt=\"\" title=\"2\"  itemprop=\"thumbnailUrl\" data-envira-srcset=\"https:\/\/vizualizace2d3d.cz\/wp-content\/uploads\/2024\/06\/2-2-1024x503.png 400w,https:\/\/vizualizace2d3d.cz\/wp-content\/uploads\/2024\/06\/2-2-1024x503.png 2x\" srcset=\"data:image\/gif;base64,R0lGODlhAQABAIAAAP\/\/\/\/\/\/\/yH5BAEKAAEALAAAAAABAAEAAAICTAEAOw==\" \/><\/div><\/a><\/div><\/div><div id=\"envira-gallery-item-1694\" class=\"envira-gallery-item enviratope-item envira-gallery-item-2 envira-lazy-load\" style=\"padding-left: 5px; padding-bottom: 10px; padding-right: 5px;\"  itemscope itemtype=\"https:\/\/schema.org\/ImageObject\"><div class=\"envira-gallery-item-inner\"><div class=\"envira-gallery-position-overlay  envira-gallery-top-left\"><\/div><div class=\"envira-gallery-position-overlay  envira-gallery-top-right\"><\/div><div class=\"envira-gallery-position-overlay  envira-gallery-bottom-left\"><\/div><div class=\"envira-gallery-position-overlay  envira-gallery-bottom-right\"><\/div><a href=\"https:\/\/vizualizace2d3d.cz\/wp-content\/uploads\/2024\/06\/1-2.png\" class=\"envira-gallery-1693 envira-gallery-link\" rel=\"enviragallery1693\" title=\"1\" data-envira-caption=\"1\" data-envira-retina=\"\" data-thumbnail=\"\"  itemprop=\"contentUrl\"><div class=\"envira-lazy\" data-test-width=\"640\" data-test-height=\"640\" style=\"padding-bottom:100%;\"><img id=\"envira-gallery-image-1694\" class=\"envira-gallery-image envira-gallery-image-2\" data-envira-index=\"2\" src=\"https:\/\/vizualizace2d3d.cz\/wp-content\/uploads\/2024\/06\/1-2-1024x503.png\" data-envira-src=\"https:\/\/vizualizace2d3d.cz\/wp-content\/uploads\/2024\/06\/1-2-1024x503.png\" data-envira-gallery-id=\"1693\" data-envira-item-id=\"1694\" data-envira-caption=\"1\" alt=\"\" title=\"1\"  itemprop=\"thumbnailUrl\" data-envira-srcset=\"https:\/\/vizualizace2d3d.cz\/wp-content\/uploads\/2024\/06\/1-2-1024x503.png 400w,https:\/\/vizualizace2d3d.cz\/wp-content\/uploads\/2024\/06\/1-2-1024x503.png 2x\" srcset=\"data:image\/gif;base64,R0lGODlhAQABAIAAAP\/\/\/\/\/\/\/yH5BAEKAAEALAAAAAABAAEAAAICTAEAOw==\" \/><\/div><\/a><\/div><\/div><div id=\"envira-gallery-item-1696\" class=\"envira-gallery-item enviratope-item envira-gallery-item-3 envira-lazy-load\" style=\"padding-left: 5px; padding-bottom: 10px; padding-right: 5px;\"  itemscope itemtype=\"https:\/\/schema.org\/ImageObject\"><div class=\"envira-gallery-item-inner\"><div class=\"envira-gallery-position-overlay  envira-gallery-top-left\"><\/div><div class=\"envira-gallery-position-overlay  envira-gallery-top-right\"><\/div><div class=\"envira-gallery-position-overlay  envira-gallery-bottom-left\"><\/div><div class=\"envira-gallery-position-overlay  envira-gallery-bottom-right\"><\/div><a href=\"https:\/\/vizualizace2d3d.cz\/wp-content\/uploads\/2024\/06\/3-3.png\" class=\"envira-gallery-1693 envira-gallery-link\" rel=\"enviragallery1693\" title=\"3\" data-envira-caption=\"3\" data-envira-retina=\"\" data-thumbnail=\"\"  itemprop=\"contentUrl\"><div class=\"envira-lazy\" data-test-width=\"640\" data-test-height=\"640\" style=\"padding-bottom:100%;\"><img id=\"envira-gallery-image-1696\" class=\"envira-gallery-image envira-gallery-image-3\" data-envira-index=\"3\" src=\"https:\/\/vizualizace2d3d.cz\/wp-content\/uploads\/2024\/06\/3-3-1024x503.png\" data-envira-src=\"https:\/\/vizualizace2d3d.cz\/wp-content\/uploads\/2024\/06\/3-3-1024x503.png\" data-envira-gallery-id=\"1693\" data-envira-item-id=\"1696\" data-envira-caption=\"3\" alt=\"\" title=\"3\"  itemprop=\"thumbnailUrl\" data-envira-srcset=\"https:\/\/vizualizace2d3d.cz\/wp-content\/uploads\/2024\/06\/3-3-1024x503.png 400w,https:\/\/vizualizace2d3d.cz\/wp-content\/uploads\/2024\/06\/3-3-1024x503.png 2x\" srcset=\"data:image\/gif;base64,R0lGODlhAQABAIAAAP\/\/\/\/\/\/\/yH5BAEKAAEALAAAAAABAAEAAAICTAEAOw==\" \/><\/div><\/a><\/div><\/div><div id=\"envira-gallery-item-1697\" class=\"envira-gallery-item enviratope-item envira-gallery-item-4 envira-lazy-load\" style=\"padding-left: 5px; padding-bottom: 10px; padding-right: 5px;\"  itemscope itemtype=\"https:\/\/schema.org\/ImageObject\"><div class=\"envira-gallery-item-inner\"><div class=\"envira-gallery-position-overlay  envira-gallery-top-left\"><\/div><div class=\"envira-gallery-position-overlay  envira-gallery-top-right\"><\/div><div class=\"envira-gallery-position-overlay  envira-gallery-bottom-left\"><\/div><div class=\"envira-gallery-position-overlay  envira-gallery-bottom-right\"><\/div><a href=\"https:\/\/vizualizace2d3d.cz\/wp-content\/uploads\/2024\/06\/4-2.png\" class=\"envira-gallery-1693 envira-gallery-link\" rel=\"enviragallery1693\" title=\"4\" data-envira-caption=\"4\" data-envira-retina=\"\" data-thumbnail=\"\"  itemprop=\"contentUrl\"><div class=\"envira-lazy\" data-test-width=\"640\" data-test-height=\"640\" style=\"padding-bottom:100%;\"><img id=\"envira-gallery-image-1697\" class=\"envira-gallery-image envira-gallery-image-4\" data-envira-index=\"4\" src=\"https:\/\/vizualizace2d3d.cz\/wp-content\/uploads\/2024\/06\/4-2-1024x503.png\" data-envira-src=\"https:\/\/vizualizace2d3d.cz\/wp-content\/uploads\/2024\/06\/4-2-1024x503.png\" data-envira-gallery-id=\"1693\" data-envira-item-id=\"1697\" data-envira-caption=\"4\" alt=\"\" title=\"4\"  itemprop=\"thumbnailUrl\" data-envira-srcset=\"https:\/\/vizualizace2d3d.cz\/wp-content\/uploads\/2024\/06\/4-2-1024x503.png 400w,https:\/\/vizualizace2d3d.cz\/wp-content\/uploads\/2024\/06\/4-2-1024x503.png 2x\" srcset=\"data:image\/gif;base64,R0lGODlhAQABAIAAAP\/\/\/\/\/\/\/yH5BAEKAAEALAAAAAABAAEAAAICTAEAOw==\" \/><\/div><\/a><\/div><\/div><div id=\"envira-gallery-item-1698\" class=\"envira-gallery-item enviratope-item envira-gallery-item-5 envira-lazy-load\" style=\"padding-left: 5px; padding-bottom: 10px; padding-right: 5px;\"  itemscope itemtype=\"https:\/\/schema.org\/ImageObject\"><div class=\"envira-gallery-item-inner\"><div class=\"envira-gallery-position-overlay  envira-gallery-top-left\"><\/div><div class=\"envira-gallery-position-overlay  envira-gallery-top-right\"><\/div><div class=\"envira-gallery-position-overlay  envira-gallery-bottom-left\"><\/div><div class=\"envira-gallery-position-overlay  envira-gallery-bottom-right\"><\/div><a href=\"https:\/\/vizualizace2d3d.cz\/wp-content\/uploads\/2024\/06\/5-3.png\" class=\"envira-gallery-1693 envira-gallery-link\" rel=\"enviragallery1693\" title=\"5\" data-envira-caption=\"5\" data-envira-retina=\"\" data-thumbnail=\"\"  itemprop=\"contentUrl\"><div class=\"envira-lazy\" data-test-width=\"640\" data-test-height=\"640\" style=\"padding-bottom:100%;\"><img id=\"envira-gallery-image-1698\" class=\"envira-gallery-image envira-gallery-image-5\" data-envira-index=\"5\" src=\"https:\/\/vizualizace2d3d.cz\/wp-content\/uploads\/2024\/06\/5-3-1024x503.png\" data-envira-src=\"https:\/\/vizualizace2d3d.cz\/wp-content\/uploads\/2024\/06\/5-3-1024x503.png\" data-envira-gallery-id=\"1693\" data-envira-item-id=\"1698\" data-envira-caption=\"5\" alt=\"\" title=\"5\"  itemprop=\"thumbnailUrl\" data-envira-srcset=\"https:\/\/vizualizace2d3d.cz\/wp-content\/uploads\/2024\/06\/5-3-1024x503.png 400w,https:\/\/vizualizace2d3d.cz\/wp-content\/uploads\/2024\/06\/5-3-1024x503.png 2x\" srcset=\"data:image\/gif;base64,R0lGODlhAQABAIAAAP\/\/\/\/\/\/\/yH5BAEKAAEALAAAAAABAAEAAAICTAEAOw==\" \/><\/div><\/a><\/div><\/div><\/div><\/div><noscript><img src=\"https:\/\/vizualizace2d3d.cz\/wp-content\/uploads\/2024\/06\/2-2.png\" alt=\"\" \/><img src=\"https:\/\/vizualizace2d3d.cz\/wp-content\/uploads\/2024\/06\/1-2.png\" alt=\"\" \/><img src=\"https:\/\/vizualizace2d3d.cz\/wp-content\/uploads\/2024\/06\/3-3.png\" alt=\"\" \/><img src=\"https:\/\/vizualizace2d3d.cz\/wp-content\/uploads\/2024\/06\/4-2.png\" alt=\"\" \/><img src=\"https:\/\/vizualizace2d3d.cz\/wp-content\/uploads\/2024\/06\/5-3.png\" alt=\"\" \/><\/noscript><\/div>\n\n\n\n<hr class=\"wp-block-separator is-style-wide\"\/>\n\n\n\n<p class=\"has-large-font-size\">Kosmetick\u00fd salon<\/p>\n\n\n\n<div class=\"wp-block-envira-envira-gallery\"><div id=\"envira-gallery-wrap-1371\" class=\"envira-gallery-wrap envira-gallery-theme-base envira-lightbox-theme-base\" itemscope itemtype=\"https:\/\/schema.org\/ImageGallery\"><div data-row-height=\"\" data-gallery-theme=\"\" id=\"envira-gallery-1371\" class=\"envira-gallery-public  envira-gallery-2-columns envira-clear enviratope envira-gallery-css-animations\" data-envira-columns=\"2\"><div id=\"envira-gallery-item-1372\" class=\"envira-gallery-item enviratope-item envira-gallery-item-1 envira-lazy-load\" style=\"padding-left: 5px; padding-bottom: 10px; padding-right: 5px;\"  itemscope itemtype=\"https:\/\/schema.org\/ImageObject\"><div class=\"envira-gallery-item-inner\"><div class=\"envira-gallery-position-overlay  envira-gallery-top-left\"><\/div><div class=\"envira-gallery-position-overlay  envira-gallery-top-right\"><\/div><div class=\"envira-gallery-position-overlay  envira-gallery-bottom-left\"><\/div><div class=\"envira-gallery-position-overlay  envira-gallery-bottom-right\"><\/div><a href=\"https:\/\/vizualizace2d3d.cz\/wp-content\/uploads\/2024\/03\/2.png\" class=\"envira-gallery-1371 envira-gallery-link\" rel=\"enviragallery1371\" title=\"2\" data-envira-caption=\"2\" data-envira-retina=\"\" data-thumbnail=\"\"  itemprop=\"contentUrl\"><div class=\"envira-lazy\" data-test-width=\"960\" data-test-height=\"640\" style=\"padding-bottom:66.666666666667%;\"><img id=\"envira-gallery-image-1372\" class=\"envira-gallery-image envira-gallery-image-1\" data-envira-index=\"1\" src=\"https:\/\/vizualizace2d3d.cz\/wp-content\/uploads\/2024\/03\/2-1024x576.png\" data-envira-src=\"https:\/\/vizualizace2d3d.cz\/wp-content\/uploads\/2024\/03\/2-1024x576.png\" data-envira-gallery-id=\"1371\" data-envira-item-id=\"1372\" data-envira-caption=\"2\" alt=\"\" title=\"2\"  itemprop=\"thumbnailUrl\" data-envira-srcset=\"https:\/\/vizualizace2d3d.cz\/wp-content\/uploads\/2024\/03\/2-1024x576.png 400w,https:\/\/vizualizace2d3d.cz\/wp-content\/uploads\/2024\/03\/2-1024x576.png 2x\" srcset=\"data:image\/gif;base64,R0lGODlhAQABAIAAAP\/\/\/\/\/\/\/yH5BAEKAAEALAAAAAABAAEAAAICTAEAOw==\" \/><\/div><\/a><\/div><\/div><div id=\"envira-gallery-item-1373\" class=\"envira-gallery-item enviratope-item envira-gallery-item-2 envira-lazy-load\" style=\"padding-left: 5px; padding-bottom: 10px; padding-right: 5px;\"  itemscope itemtype=\"https:\/\/schema.org\/ImageObject\"><div class=\"envira-gallery-item-inner\"><div class=\"envira-gallery-position-overlay  envira-gallery-top-left\"><\/div><div class=\"envira-gallery-position-overlay  envira-gallery-top-right\"><\/div><div class=\"envira-gallery-position-overlay  envira-gallery-bottom-left\"><\/div><div class=\"envira-gallery-position-overlay  envira-gallery-bottom-right\"><\/div><a href=\"https:\/\/vizualizace2d3d.cz\/wp-content\/uploads\/2024\/03\/3.png\" class=\"envira-gallery-1371 envira-gallery-link\" rel=\"enviragallery1371\" title=\"3\" data-envira-caption=\"3\" data-envira-retina=\"\" data-thumbnail=\"\"  itemprop=\"contentUrl\"><div class=\"envira-lazy\" data-test-width=\"960\" data-test-height=\"640\" style=\"padding-bottom:66.666666666667%;\"><img id=\"envira-gallery-image-1373\" class=\"envira-gallery-image envira-gallery-image-2\" data-envira-index=\"2\" src=\"https:\/\/vizualizace2d3d.cz\/wp-content\/uploads\/2024\/03\/3-1024x576.png\" data-envira-src=\"https:\/\/vizualizace2d3d.cz\/wp-content\/uploads\/2024\/03\/3-1024x576.png\" data-envira-gallery-id=\"1371\" data-envira-item-id=\"1373\" data-envira-caption=\"3\" alt=\"\" title=\"3\"  itemprop=\"thumbnailUrl\" data-envira-srcset=\"https:\/\/vizualizace2d3d.cz\/wp-content\/uploads\/2024\/03\/3-1024x576.png 400w,https:\/\/vizualizace2d3d.cz\/wp-content\/uploads\/2024\/03\/3-1024x576.png 2x\" srcset=\"data:image\/gif;base64,R0lGODlhAQABAIAAAP\/\/\/\/\/\/\/yH5BAEKAAEALAAAAAABAAEAAAICTAEAOw==\" \/><\/div><\/a><\/div><\/div><div id=\"envira-gallery-item-1374\" class=\"envira-gallery-item enviratope-item envira-gallery-item-3 envira-lazy-load\" style=\"padding-left: 5px; padding-bottom: 10px; padding-right: 5px;\"  itemscope itemtype=\"https:\/\/schema.org\/ImageObject\"><div class=\"envira-gallery-item-inner\"><div class=\"envira-gallery-position-overlay  envira-gallery-top-left\"><\/div><div class=\"envira-gallery-position-overlay  envira-gallery-top-right\"><\/div><div class=\"envira-gallery-position-overlay  envira-gallery-bottom-left\"><\/div><div class=\"envira-gallery-position-overlay  envira-gallery-bottom-right\"><\/div><a href=\"https:\/\/vizualizace2d3d.cz\/wp-content\/uploads\/2024\/03\/6.png\" class=\"envira-gallery-1371 envira-gallery-link\" rel=\"enviragallery1371\" title=\"6\" data-envira-caption=\"6\" data-envira-retina=\"\" data-thumbnail=\"\"  itemprop=\"contentUrl\"><div class=\"envira-lazy\" data-test-width=\"960\" data-test-height=\"640\" style=\"padding-bottom:66.666666666667%;\"><img id=\"envira-gallery-image-1374\" class=\"envira-gallery-image envira-gallery-image-3\" data-envira-index=\"3\" src=\"https:\/\/vizualizace2d3d.cz\/wp-content\/uploads\/2024\/03\/6-1024x576.png\" data-envira-src=\"https:\/\/vizualizace2d3d.cz\/wp-content\/uploads\/2024\/03\/6-1024x576.png\" data-envira-gallery-id=\"1371\" data-envira-item-id=\"1374\" data-envira-caption=\"6\" alt=\"\" title=\"6\"  itemprop=\"thumbnailUrl\" data-envira-srcset=\"https:\/\/vizualizace2d3d.cz\/wp-content\/uploads\/2024\/03\/6-1024x576.png 400w,https:\/\/vizualizace2d3d.cz\/wp-content\/uploads\/2024\/03\/6-1024x576.png 2x\" srcset=\"data:image\/gif;base64,R0lGODlhAQABAIAAAP\/\/\/\/\/\/\/yH5BAEKAAEALAAAAAABAAEAAAICTAEAOw==\" \/><\/div><\/a><\/div><\/div><\/div><\/div><noscript><img src=\"https:\/\/vizualizace2d3d.cz\/wp-content\/uploads\/2024\/03\/2.png\" alt=\"\" \/><img src=\"https:\/\/vizualizace2d3d.cz\/wp-content\/uploads\/2024\/03\/3.png\" alt=\"\" \/><img src=\"https:\/\/vizualizace2d3d.cz\/wp-content\/uploads\/2024\/03\/6.png\" alt=\"\" \/><\/noscript><\/div>\n\n\n\n<hr class=\"wp-block-separator is-style-wide\"\/>\n\n\n\n<h2 class=\"has-large-font-size\">Beauty salon<\/h2>\n\n\n\n<p>The client wanted advice on the layout of the room and how to make the salon warmer and cozier. She told me she would like a custom manicure table. But the first thing I wanted to solve was the old tin radiator, which spoiled the overall appearance of the room the most, and since the client has premises for rent, it is not possible to replace it. That's why I suggested he could cover himself. I also used the look of the radiator cover for the new reception, where the letter E represents the initials of the owner of the salon. I placed her logo between the windows. Behind the reception there used to be a pedicure, which I found a new place so that the reception could serve as an office at the same time and there was a place for a chair. The client already had a kitchen unit, as well as a washing chair, which is used by a small hairdresser next door. A cosmetic room is hidden behind a wooden door.<\/p>\n\n\n\n<div class=\"wp-block-envira-envira-gallery\"><div id=\"envira-gallery-wrap-1016\" class=\"envira-gallery-wrap envira-gallery-theme-base envira-lightbox-theme-base\" itemscope itemtype=\"https:\/\/schema.org\/ImageGallery\"><div data-row-height=\"\" data-gallery-theme=\"\" id=\"envira-gallery-1016\" class=\"envira-gallery-public  envira-gallery-2-columns envira-clear enviratope envira-gallery-css-animations\" data-envira-columns=\"2\"><div id=\"envira-gallery-item-1022\" class=\"envira-gallery-item enviratope-item envira-gallery-item-1 envira-lazy-load\" style=\"padding-left: 5px; padding-bottom: 10px; padding-right: 5px;\"  itemscope itemtype=\"https:\/\/schema.org\/ImageObject\"><div class=\"envira-gallery-item-inner\"><div class=\"envira-gallery-position-overlay  envira-gallery-top-left\"><\/div><div class=\"envira-gallery-position-overlay  envira-gallery-top-right\"><\/div><div class=\"envira-gallery-position-overlay  envira-gallery-bottom-left\"><\/div><div class=\"envira-gallery-position-overlay  envira-gallery-bottom-right\"><\/div><a href=\"https:\/\/vizualizace2d3d.cz\/wp-content\/uploads\/2023\/05\/2.png\" class=\"envira-gallery-1016 envira-gallery-link\" rel=\"enviragallery1016\" title=\"2\" data-envira-caption=\"2\" data-envira-retina=\"\" data-thumbnail=\"\"  itemprop=\"contentUrl\"><div class=\"envira-lazy\" data-test-width=\"960\" data-test-height=\"640\" style=\"padding-bottom:66.666666666667%;\"><img id=\"envira-gallery-image-1022\" class=\"envira-gallery-image envira-gallery-image-1\" data-envira-index=\"1\" src=\"https:\/\/vizualizace2d3d.cz\/wp-content\/uploads\/2023\/05\/2-1024x676.png\" data-envira-src=\"https:\/\/vizualizace2d3d.cz\/wp-content\/uploads\/2023\/05\/2-1024x676.png\" data-envira-gallery-id=\"1016\" data-envira-item-id=\"1022\" data-envira-caption=\"2\" alt=\"\" title=\"2\"  itemprop=\"thumbnailUrl\" data-envira-srcset=\"https:\/\/vizualizace2d3d.cz\/wp-content\/uploads\/2023\/05\/2-1024x676.png 400w,https:\/\/vizualizace2d3d.cz\/wp-content\/uploads\/2023\/05\/2-1024x676.png 2x\" srcset=\"data:image\/gif;base64,R0lGODlhAQABAIAAAP\/\/\/\/\/\/\/yH5BAEKAAEALAAAAAABAAEAAAICTAEAOw==\" \/><\/div><\/a><\/div><\/div><div id=\"envira-gallery-item-1017\" class=\"envira-gallery-item enviratope-item envira-gallery-item-2 envira-lazy-load\" style=\"padding-left: 5px; padding-bottom: 10px; padding-right: 5px;\"  itemscope itemtype=\"https:\/\/schema.org\/ImageObject\"><div class=\"envira-gallery-item-inner\"><div class=\"envira-gallery-position-overlay  envira-gallery-top-left\"><\/div><div class=\"envira-gallery-position-overlay  envira-gallery-top-right\"><\/div><div class=\"envira-gallery-position-overlay  envira-gallery-bottom-left\"><\/div><div class=\"envira-gallery-position-overlay  envira-gallery-bottom-right\"><\/div><a href=\"https:\/\/vizualizace2d3d.cz\/wp-content\/uploads\/2023\/05\/1.png\" class=\"envira-gallery-1016 envira-gallery-link\" rel=\"enviragallery1016\" title=\"1\" data-envira-caption=\"1\" data-envira-retina=\"\" data-thumbnail=\"\"  itemprop=\"contentUrl\"><div class=\"envira-lazy\" data-test-width=\"960\" data-test-height=\"640\" style=\"padding-bottom:66.666666666667%;\"><img id=\"envira-gallery-image-1017\" class=\"envira-gallery-image envira-gallery-image-2\" data-envira-index=\"2\" src=\"https:\/\/vizualizace2d3d.cz\/wp-content\/uploads\/2023\/05\/1-1024x676.png\" data-envira-src=\"https:\/\/vizualizace2d3d.cz\/wp-content\/uploads\/2023\/05\/1-1024x676.png\" data-envira-gallery-id=\"1016\" data-envira-item-id=\"1017\" data-envira-caption=\"1\" alt=\"\" title=\"1\"  itemprop=\"thumbnailUrl\" data-envira-srcset=\"https:\/\/vizualizace2d3d.cz\/wp-content\/uploads\/2023\/05\/1-1024x676.png 400w,https:\/\/vizualizace2d3d.cz\/wp-content\/uploads\/2023\/05\/1-1024x676.png 2x\" srcset=\"data:image\/gif;base64,R0lGODlhAQABAIAAAP\/\/\/\/\/\/\/yH5BAEKAAEALAAAAAABAAEAAAICTAEAOw==\" \/><\/div><\/a><\/div><\/div><div id=\"envira-gallery-item-1018\" class=\"envira-gallery-item enviratope-item envira-gallery-item-3 envira-lazy-load\" style=\"padding-left: 5px; padding-bottom: 10px; padding-right: 5px;\"  itemscope itemtype=\"https:\/\/schema.org\/ImageObject\"><div class=\"envira-gallery-item-inner\"><div class=\"envira-gallery-position-overlay  envira-gallery-top-left\"><\/div><div class=\"envira-gallery-position-overlay  envira-gallery-top-right\"><\/div><div class=\"envira-gallery-position-overlay  envira-gallery-bottom-left\"><\/div><div class=\"envira-gallery-position-overlay  envira-gallery-bottom-right\"><\/div><a href=\"https:\/\/vizualizace2d3d.cz\/wp-content\/uploads\/2023\/05\/3.png\" class=\"envira-gallery-1016 envira-gallery-link\" rel=\"enviragallery1016\" title=\"3\" data-envira-caption=\"3\" data-envira-retina=\"\" data-thumbnail=\"\"  itemprop=\"contentUrl\"><div class=\"envira-lazy\" data-test-width=\"960\" data-test-height=\"640\" style=\"padding-bottom:66.666666666667%;\"><img id=\"envira-gallery-image-1018\" class=\"envira-gallery-image envira-gallery-image-3\" data-envira-index=\"3\" src=\"https:\/\/vizualizace2d3d.cz\/wp-content\/uploads\/2023\/05\/3-1024x676.png\" data-envira-src=\"https:\/\/vizualizace2d3d.cz\/wp-content\/uploads\/2023\/05\/3-1024x676.png\" data-envira-gallery-id=\"1016\" data-envira-item-id=\"1018\" data-envira-caption=\"3\" alt=\"\" title=\"3\"  itemprop=\"thumbnailUrl\" data-envira-srcset=\"https:\/\/vizualizace2d3d.cz\/wp-content\/uploads\/2023\/05\/3-1024x676.png 400w,https:\/\/vizualizace2d3d.cz\/wp-content\/uploads\/2023\/05\/3-1024x676.png 2x\" srcset=\"data:image\/gif;base64,R0lGODlhAQABAIAAAP\/\/\/\/\/\/\/yH5BAEKAAEALAAAAAABAAEAAAICTAEAOw==\" \/><\/div><\/a><\/div><\/div><div id=\"envira-gallery-item-1019\" class=\"envira-gallery-item enviratope-item envira-gallery-item-4 envira-lazy-load\" style=\"padding-left: 5px; padding-bottom: 10px; padding-right: 5px;\"  itemscope itemtype=\"https:\/\/schema.org\/ImageObject\"><div class=\"envira-gallery-item-inner\"><div class=\"envira-gallery-position-overlay  envira-gallery-top-left\"><\/div><div class=\"envira-gallery-position-overlay  envira-gallery-top-right\"><\/div><div class=\"envira-gallery-position-overlay  envira-gallery-bottom-left\"><\/div><div class=\"envira-gallery-position-overlay  envira-gallery-bottom-right\"><\/div><a href=\"https:\/\/vizualizace2d3d.cz\/wp-content\/uploads\/2023\/05\/4.png\" class=\"envira-gallery-1016 envira-gallery-link\" rel=\"enviragallery1016\" title=\"4\" data-envira-caption=\"4\" data-envira-retina=\"\" data-thumbnail=\"\"  itemprop=\"contentUrl\"><div class=\"envira-lazy\" data-test-width=\"960\" data-test-height=\"640\" style=\"padding-bottom:66.666666666667%;\"><img id=\"envira-gallery-image-1019\" class=\"envira-gallery-image envira-gallery-image-4\" data-envira-index=\"4\" src=\"https:\/\/vizualizace2d3d.cz\/wp-content\/uploads\/2023\/05\/4-1024x676.png\" data-envira-src=\"https:\/\/vizualizace2d3d.cz\/wp-content\/uploads\/2023\/05\/4-1024x676.png\" data-envira-gallery-id=\"1016\" data-envira-item-id=\"1019\" data-envira-caption=\"4\" alt=\"\" title=\"4\"  itemprop=\"thumbnailUrl\" data-envira-srcset=\"https:\/\/vizualizace2d3d.cz\/wp-content\/uploads\/2023\/05\/4-1024x676.png 400w,https:\/\/vizualizace2d3d.cz\/wp-content\/uploads\/2023\/05\/4-1024x676.png 2x\" srcset=\"data:image\/gif;base64,R0lGODlhAQABAIAAAP\/\/\/\/\/\/\/yH5BAEKAAEALAAAAAABAAEAAAICTAEAOw==\" \/><\/div><\/a><\/div><\/div><\/div><\/div><noscript><img src=\"https:\/\/vizualizace2d3d.cz\/wp-content\/uploads\/2023\/05\/2.png\" alt=\"\" \/><img src=\"https:\/\/vizualizace2d3d.cz\/wp-content\/uploads\/2023\/05\/1.png\" alt=\"\" \/><img src=\"https:\/\/vizualizace2d3d.cz\/wp-content\/uploads\/2023\/05\/3.png\" alt=\"\" \/><img src=\"https:\/\/vizualizace2d3d.cz\/wp-content\/uploads\/2023\/05\/4.png\" alt=\"\" \/><\/noscript><\/div>\n\n\n\n<figure class=\"wp-block-image\"><img alt=\"\"\/><\/figure>","protected":false},"excerpt":{"rendered":"<p>Ambulance klinick\u00e9 logopedie Kosmetick\u00fd salon Beauty salon Klientka cht\u011bla poradit s dispozic\u00ed m\u00edstnosti a s t\u00edm, jak ud\u011blat salon v\u0159elej\u0161\u00ed a \u00fatuln\u011bj\u0161\u00ed. Sd\u011blila mi, \u017ee by si p\u0159\u00e1la st\u016fl na manik\u00faru na m\u00edru. Prvn\u00ed, co jsem ale cht\u011bla vy\u0159e\u0161it, byl star\u00fd plechov\u00fd radi\u00e1tor, kter\u00fd celkov\u00fd vzhled m\u00edstnosti nejv\u00edc kazil, a proto\u017ee m\u00e1 klientka prostory v &hellip; <\/p>\n<p class=\"link-more\"><a href=\"https:\/\/vizualizace2d3d.cz\/en\/kadernictvi\/\" class=\"more-link\">Continue reading<span class=\"screen-reader-text\"> &#8222;&#8220;<\/span><\/a><\/p>","protected":false},"author":1,"featured_media":0,"parent":0,"menu_order":0,"comment_status":"closed","ping_status":"closed","template":"","meta":[],"_links":{"self":[{"href":"https:\/\/vizualizace2d3d.cz\/en\/wp-json\/wp\/v2\/pages\/618"}],"collection":[{"href":"https:\/\/vizualizace2d3d.cz\/en\/wp-json\/wp\/v2\/pages"}],"about":[{"href":"https:\/\/vizualizace2d3d.cz\/en\/wp-json\/wp\/v2\/types\/page"}],"author":[{"embeddable":true,"href":"https:\/\/vizualizace2d3d.cz\/en\/wp-json\/wp\/v2\/users\/1"}],"replies":[{"embeddable":true,"href":"https:\/\/vizualizace2d3d.cz\/en\/wp-json\/wp\/v2\/comments?post=618"}],"version-history":[{"count":12,"href":"https:\/\/vizualizace2d3d.cz\/en\/wp-json\/wp\/v2\/pages\/618\/revisions"}],"predecessor-version":[{"id":1700,"href":"https:\/\/vizualizace2d3d.cz\/en\/wp-json\/wp\/v2\/pages\/618\/revisions\/1700"}],"wp:attachment":[{"href":"https:\/\/vizualizace2d3d.cz\/en\/wp-json\/wp\/v2\/media?parent=618"}],"curies":[{"name":"wp","href":"https:\/\/api.w.org\/{rel}","templated":true}]}}