{"id":48,"date":"2020-04-30T13:59:29","date_gmt":"2020-04-30T13:59:29","guid":{"rendered":"http:\/\/vizualizace2d3d.cz\/?page_id=48"},"modified":"2024-10-22T07:39:33","modified_gmt":"2024-10-22T05:39:33","slug":"dobry-den-stranky-jsou-prave-ve-vystavbe-v-pripade-zajmu-o-me-sluzby-me-prosim-kontaktujte-na-facebooku-vizualizace-2d-3d-nebo-na-e-mailu-lenkamartincovaseznam-cz","status":"publish","type":"page","link":"https:\/\/vizualizace2d3d.cz\/en\/","title":{"rendered":"Dobr\u00fd den, vytv\u00e1\u0159\u00edm 2D a 3D n\u00e1vrhy a vizualizace interi\u00e9r\u016f"},"content":{"rendered":"<div class=\"wp-container-69e2e5f08c668 wp-block-group\"><div class=\"wp-block-group__inner-container\">\n<div class=\"wp-block-envira-envira-gallery\"><div id=\"envira-gallery-wrap-1734\" class=\"envira-gallery-wrap envira-gallery-theme-base envira-lightbox-theme-base\" itemscope itemtype=\"https:\/\/schema.org\/ImageGallery\"><div data-row-height=\"150\" data-gallery-theme=\"normal\" id=\"envira-gallery-1734\" class=\"envira-gallery-public envira-gallery-justified-public envira-gallery-0-columns envira-clear enviratope envira-gallery-css-animations\" data-envira-columns=\"0\"><div id=\"envira-gallery-item-1733\" class=\"envira-gallery-item enviratope-item envira-gallery-item-1 envira-lazy-load\" style=\"padding-left: 1px; padding-bottom: 1px; padding-right: 1px;\"  itemscope itemtype=\"https:\/\/schema.org\/ImageObject\"><div class=\"envira-gallery-item-inner\"><div class=\"envira-gallery-position-overlay  envira-gallery-top-left\"><\/div><div class=\"envira-gallery-position-overlay  envira-gallery-top-right\"><\/div><div class=\"envira-gallery-position-overlay  envira-gallery-bottom-left\"><\/div><div class=\"envira-gallery-position-overlay  envira-gallery-bottom-right\"><\/div><a href=\"https:\/\/vizualizace2d3d.cz\/wp-content\/uploads\/2024\/08\/2-2.png\" class=\"envira-gallery-1734 envira-gallery-link\" rel=\"enviragallery1734\" title=\"2-2\" data-envira-caption=\"2-2\" data-envira-retina=\"\" data-thumbnail=\"\"  itemprop=\"contentUrl\"><img id=\"envira-gallery-image-1733\" class=\"envira-gallery-image envira-gallery-image-1 envira-normal envira-lazy\" data-envira-index=\"1\" src=\"https:\/\/vizualizace2d3d.cz\/wp-content\/uploads\/2024\/08\/2-2-1024x486.png\" data-envira-src=\"https:\/\/vizualizace2d3d.cz\/wp-content\/uploads\/2024\/08\/2-2-1024x486.png\" data-envira-gallery-id=\"1734\" data-envira-item-id=\"1733\" data-envira-caption=\"2-2\" alt=\"\" title=\"2-2\"  itemprop=\"thumbnailUrl\" data-envira-srcset=\"https:\/\/vizualizace2d3d.cz\/wp-content\/uploads\/2024\/08\/2-2-1024x486.png 400w,https:\/\/vizualizace2d3d.cz\/wp-content\/uploads\/2024\/08\/2-2-1024x486.png 2x\" data-envira-width=\"300\" data-envira-height=\"142\" srcset=\"data:image\/gif;base64,R0lGODlhAQABAIAAAP\/\/\/\/\/\/\/yH5BAEKAAEALAAAAAABAAEAAAICTAEAOw==\" data-safe-src=\"data:image\/gif;base64,R0lGODlhAQABAIAAAP\/\/\/\/\/\/\/yH5BAEKAAEALAAAAAABAAEAAAICTAEAOw==\" \/><\/a><\/div><\/div><\/div><\/div><noscript><img src=\"https:\/\/vizualizace2d3d.cz\/wp-content\/uploads\/2024\/08\/2-2.png\" alt=\"\" \/><\/noscript><\/div>\n<\/div><\/div>\n\n\n\n<hr class=\"wp-block-separator is-style-wide\"\/>\n\n\n\n<h1 class=\"has-large-font-size\">New space<\/h1>\n\n\n\n<p>Wondering what style to give your new home and you haven't bought anything yet? Does not matter. Based on documents from you and my attention to detail, we will put together an interior that will accurately describe your personality.<\/p>\n\n\n\n<p>Or do you already have a fairly clear idea and some pieces of furniture or equipment you have already bought, but you do not know whether they will fit into your idea, or whether they will fit into the new space? Based on the visualization, everything will be clear to you at once.<\/p>\n\n\n\n<h1 class=\"has-large-font-size\">Existing space<\/h1>\n\n\n\n<p>Existing space<\/p>\n\n\n\n<p>Nebo nechcete zvolit tak razantn\u00ed metodu a n\u011bkter\u00e9 kusy si chcete ponechat, jen nev\u00edte, jak star\u00e9 skloubit s nov\u00fdm? \u017d\u00e1dn\u00e9 obavy, porad\u00edm V\u00e1m, jestli je to ve Va\u0161em p\u0159\u00edpad\u011b vhodn\u00e9 a jak na to, aby to vypadalo dob\u0159e.  D\u00edky vizualizaci pak uvid\u00edte, jak bude prostor ve v\u00fdsledku vypadat.<\/p>\n\n\n\n<h2 class=\"has-large-font-size\">\u00daprava dispozic<\/h2>\n\n\n\n<p>Jste p\u0159ed rekonstrukc\u00ed bytu nebo domu a nechcete to pokazit, ale naopak chcete, aby prostor byl co nejprakti\u010dt\u011bji vy\u0159e\u0161en? T\u0159eba by V\u00e1s samotn\u00e9 nenapadlo, \u017ee do bytu se pohodln\u011b vejde dal\u0161\u00ed m\u00edstnost nebo \u017ee v dom\u011b m\u016f\u017ee b\u00fdt kr\u00e1sn\u00e1 propojen\u00e1 kuchy\u0148 s ob\u00fdvac\u00edm pokojem, sv\u011btlej\u0161\u00ed a je\u0161t\u011b s p\u0159\u00edstupem na terasu, a to jen \u00fapravou dispozic. To, \u017ee z\u00edsk\u00e1 nemovitost na hodnot\u011b, je jen dal\u0161\u00ed nezanedbateln\u00fd bonus, ale nejd\u016fle\u017eit\u011bj\u0161\u00ed je, \u017ee V\u00e1m to m\u016f\u017ee v\u00fdrazn\u011b zlep\u0161it kvalitu \u017eivota.<\/p>\n\n\n\n<p><\/p>\n\n\n\n<p><\/p>\n\n\n\n<p><\/p>\n\n\n\n<p class=\"has-large-font-size\">Prodej nemovitosti <\/p>\n\n\n\n<p>If you are selling or renting a property and this property is empty or not perfectly furnished to attract clients, I also offer visualization for this occasion. You can then place the images in the ad site or along with real photos of the space. I recommend not underestimating this service. Based on the appearance of the advertisement, clients will either come to you or not. Based on the visualization, clients are also able to imagine much better what will fit in the room (if it is empty) and how they could arrange it. <\/p>\n\n\n\n<p><\/p>","protected":false},"excerpt":{"rendered":"<p>\u00dapln\u011b nov\u00fd prostor V\u00e1h\u00e1te, jak\u00fd styl sv\u00e9mu nov\u00e9mu domovu d\u00e1t a je\u0161t\u011b nem\u00e1te nic koupen\u00e9ho? Nevad\u00ed. Na z\u00e1klad\u011b podklad\u016f od V\u00e1s a m\u00e9ho citu pro detail d\u00e1me dohromady interi\u00e9r, kter\u00fd bude p\u0159esn\u011b vystihovat Va\u0161i osobnost. Nebo m\u00e1te ji\u017e docela jasnou p\u0159estavu a n\u011bjak\u00e9 kousky n\u00e1bytku nebo vybaven\u00ed ji\u017e m\u00e1te koupen\u00e9, ale nev\u00edte, jestli se do &hellip; <\/p>\n<p class=\"link-more\"><a href=\"https:\/\/vizualizace2d3d.cz\/en\/\" class=\"more-link\">Continue reading<span class=\"screen-reader-text\"> &#8222;Dobr\u00fd den, vytv\u00e1\u0159\u00edm 2D a 3D n\u00e1vrhy a vizualizace interi\u00e9r\u016f&#8220;<\/span><\/a><\/p>","protected":false},"author":1,"featured_media":0,"parent":0,"menu_order":0,"comment_status":"closed","ping_status":"closed","template":"","meta":[],"_links":{"self":[{"href":"https:\/\/vizualizace2d3d.cz\/en\/wp-json\/wp\/v2\/pages\/48"}],"collection":[{"href":"https:\/\/vizualizace2d3d.cz\/en\/wp-json\/wp\/v2\/pages"}],"about":[{"href":"https:\/\/vizualizace2d3d.cz\/en\/wp-json\/wp\/v2\/types\/page"}],"author":[{"embeddable":true,"href":"https:\/\/vizualizace2d3d.cz\/en\/wp-json\/wp\/v2\/users\/1"}],"replies":[{"embeddable":true,"href":"https:\/\/vizualizace2d3d.cz\/en\/wp-json\/wp\/v2\/comments?post=48"}],"version-history":[{"count":35,"href":"https:\/\/vizualizace2d3d.cz\/en\/wp-json\/wp\/v2\/pages\/48\/revisions"}],"predecessor-version":[{"id":1790,"href":"https:\/\/vizualizace2d3d.cz\/en\/wp-json\/wp\/v2\/pages\/48\/revisions\/1790"}],"wp:attachment":[{"href":"https:\/\/vizualizace2d3d.cz\/en\/wp-json\/wp\/v2\/media?parent=48"}],"curies":[{"name":"wp","href":"https:\/\/api.w.org\/{rel}","templated":true}]}}