{"id":44,"date":"2020-04-30T13:51:29","date_gmt":"2020-04-30T13:51:29","guid":{"rendered":"http:\/\/vizualizace2d3d.cz\/?page_id=44"},"modified":"2024-10-21T14:54:55","modified_gmt":"2024-10-21T12:54:55","slug":"cenik","status":"publish","type":"page","link":"https:\/\/vizualizace2d3d.cz\/en\/cenik\/","title":{"rendered":"Price list"},"content":{"rendered":"<p><\/p>\n\n\n\n<p><\/p>\n\n\n\n<h1 class=\"has-medium-font-size\">\u00da\u010dtuji si K\u010d 450,- za hodinu<\/h1>\n\n\n\n<p><\/p>\n\n\n\n<p>For idea:<\/p>\n\n\n\n<p><strong>St\u0159edn\u011b velk\u00fd pokoj <\/strong> &#8211; v\u011bt\u0161inou \u00fa\u010dtuji kolem K\u010d 3500,-. Z\u00e1le\u017e\u00ed na po\u017eadovan\u00e9m po\u010dtu variant.<\/p>\n\n\n\n<p><strong>Kuchy\u0148 s ob\u00fdvac\u00edm pokojem<\/strong> &#8211; v\u011bt\u0161inou \u00fa\u010dtuji kolem K\u010d 8000,- &#8211; z\u00e1le\u017e\u00ed na velikosti a po\u017eadovan\u00e9m po\u010dtu variant.<\/p>\n\n\n\n<p>Ceny za <strong>jednodu\u0161\u0161\u00ed vizualizace<\/strong> vhodn\u00e9 pouze pro p\u0159edstavu o rozm\u00edst\u011bn\u00ed n\u00e1bytku a rozvod\u016f jsou cca t\u0159etinov\u00e9.<\/p>\n\n\n\n<p><strong>Fas\u00e1da z projektu<\/strong> &#8211; jednopodla\u017en\u00ed d\u016fm <strong>BEZ OKOL\u00cd<\/strong> &#8211; \u00fa\u010dtuji kolem K\u010d 6000,-,  dvoupodla\u017en\u00ed d\u016fm kolem K\u010d 8000,-<\/p>\n\n\n\n<p><strong>Fas\u00e1da z projektu<\/strong> &#8211; jednopodla\u017en\u00ed d\u016fm <strong>S OKOL\u00cdM<\/strong> &#8211; \u00fa\u010dtuji kolem K\u010d 9000,-,  dvoupodla\u017en\u00ed d\u016fm kolem K\u010d 11000,-<\/p>\n\n\n\n<p><strong>Fas\u00e1da z fotografie <\/strong>&#8211; jeden pohled K\u010d 2500,- Za p\u0159\u00edplatek je mo\u017en\u00e9 p\u0159idat pergolu, terasu, st\u00e1n\u00ed pro auto, upravit barvu, velikost a vzhled oken, dve\u0159\u00ed a dal\u0161\u00ed \u00fapravy.<\/p>\n\n\n\n<p>U fas\u00e1d je v cen\u011b po\u010det barevn\u00fdch variant dle dohody.<\/p>\n\n\n\n<h3><strong>V\u0160EOBECN\u00c9 OBCHODN\u00cd PODM\u00cdNKY<\/strong><\/h3>\n\n\n\n<h3><strong>V\u0161eobecn\u00e9 obchodn\u00ed podm\u00ednky pro vytvo\u0159en\u00ed grafick\u00e9ho n\u00e1vrhu interi\u00e9ru<\/strong> <strong>nebo exteri\u00e9ru<\/strong> <strong>domu (bytu)<\/strong><\/h3>\n\n\n\n<h3><strong>Podnikatel:<\/strong>&nbsp;Lenka Martincov\u00e1 s m\u00edstem podnik\u00e1n\u00ed Havl\u00ed\u010dkova 341, 277 35 M\u0161eno <br><strong>I\u010c:<\/strong>&nbsp;09109021 (d\u00e1le t\u00e9\u017e jen podnikatel nebo zhotovitel).<\/h3>\n\n\n\n<h3>ID datov\u00e9 schr\u00e1nky: cydwwtg.                                                                                    \u017divnostensk\u00fd list vydan\u00fd na M\u00da M\u011bln\u00edk dne 23.4.2020. \u010c.J.:1040\/ZIV\/20\/Sle\/1010975\/4&nbsp;&nbsp;&nbsp;&nbsp;Sp. zna\u010dka: 1040\/ZIV\/20\/Sle\/1010975<\/h3>\n\n\n\n<p><\/p>\n\n\n\n<h3><strong>I. Obecn\u00e1 ustanoven\u00ed<\/strong><\/h3>\n\n\n\n<h3>Tyto v\u0161eobecn\u00e9 obchodn\u00ed podm\u00ednky upravuj\u00ed pr\u00e1va a povinnosti zhotovitele a klienta p\u0159i vypracov\u00e1n\u00ed n\u00e1vrhu interi\u00e9ru nebo exteri\u00e9ru bytu (domu) zhotovitelem na z\u00e1klad\u011b objedn\u00e1vky klienta (d\u00e1le t\u00e9\u017e &#8222;d\u00edlo&#8220;). Tyto v\u0161eobecn\u00e9 obchodn\u00ed podm\u00ednky jsou z\u00e1vazn\u00e9 pro ty klienty zhotovitele, kte\u0159\u00ed jsou: fyzick\u00fdmi \u010di pr\u00e1vnick\u00fdmi osobami, kter\u00e9 nejsou podnikateli, jako\u017e i pro podnikatele, kte\u0159\u00ed si slu\u017eby zhotovitele objednaj\u00ed nikoliv v souvislosti s jejich podnik\u00e1n\u00edm (d\u00e1le t\u00e9\u017e jen klient \u010di objednatel). U podnikatel\u016f se m\u00e1 za to, \u017ee si p\u0159edm\u011btn\u00e9 slu\u017eby objedn\u00e1vaj\u00ed v souvislosti se sv\u00fdm podnik\u00e1n\u00edm, pokud nebude v objedn\u00e1vce v\u00fdslovn\u011b uvedeno n\u011bco jin\u00e9ho. Tyto obchodn\u00ed podm\u00ednky upravuj\u00ed vztahy mezi klientem a zhotovitelem t\u00fdkaj\u00edc\u00ed se vytvo\u0159en\u00ed grafick\u00e9ho n\u00e1vrhu podnikatelem pro klienta a vztahy zhotovitele a klienta s t\u00edm souvisej\u00edc\u00ed. Ve\u0161ker\u00e9 vztahy mezi zhotovitelem a klientem, kter\u00e9 nejsou t\u011bmito v\u0161eobecn\u00fdmi obchodn\u00edmi podm\u00ednkami upraveny, se \u0159\u00edd\u00ed p\u0159\u00edslu\u0161n\u00fdmi ustanoven\u00edmi z\u00e1kona \u010d. 40\/1964 Sb., ob\u010dansk\u00e9ho z\u00e1kon\u00edku. <\/h3>\n\n\n\n<h3><strong>II. P\u0159edm\u011bt d\u00edla<\/strong><\/h3>\n\n\n\n<h3>D\u00edlem se rozum\u00ed zhotoven\u00ed grafick\u00e9ho n\u00e1vrhu interi\u00e9ru nebo exteri\u00e9ru domu (bytu). Zhotovitel nab\u00edz\u00ed zhotoven\u00ed n\u00e1vrhu dle individu\u00e1ln\u00edch po\u017eadavk\u016f klienta.<\/h3>\n\n\n\n<h3><strong>III. Cena d\u00edla<\/strong><\/h3>\n\n\n\n<h3>U Jednor\u00e1zov\u011b p\u0159evzat\u00e9ho d\u00edla (pojem viz odstavec V. P\u0159evzet\u00ed d\u00edla) je to cena uveden\u00e1 v objedn\u00e1vce. <\/h3>\n\n\n\n<h3>U Postupn\u011b p\u0159eb\u00edran\u00e9ho d\u00edla (pojem viz odstavec V. P\u0159evzet\u00ed d\u00edla) se cena d\u00edla odv\u00edj\u00ed od \u010dasu, kter\u00fd zhotovitel s d\u00edlem od po\u010d\u00e1tku do konce spolupr\u00e1ce (koncem spolupr\u00e1ce se t\u00e9\u017e rozum\u00ed neopodstatn\u011bn\u00e9 ukon\u010den\u00ed komunikace ze strany klienta), str\u00e1vil. Aktu\u00e1ln\u00ed hodinov\u00e1 sazba je v\u017edy uvedena v cen\u00edku na webov\u00fdch str\u00e1nk\u00e1ch zhotovitele. <\/h3>\n\n\n\n<h3><strong>IV. Splatnost kupn\u00ed ceny a platebn\u00ed podm\u00ednky<\/strong><\/h3>\n\n\n\n<h3>Klient je povinen uhradit zhotoviteli z\u00e1lohu (pokud se na z\u00e1loze vz\u00e1jemn\u011b dohodli) do 7 dn\u016f od uzav\u0159en\u00ed objedn\u00e1vky (objedn\u00e1vkou se rozum\u00ed i p\u00edsemn\u00e9 vyj\u00e1d\u0159en\u00ed souhlasu se spoluprac\u00ed prost\u0159ednictv\u00edm e-mailu, messengeru nebo Whatts Uppu). Zb\u00fdvaj\u00edc\u00ed \u010d\u00e1stku je klient povinen uhradit do 14 dn\u016f od vystaven\u00ed faktury. V bezhotovostn\u00edm p\u0159evodu se cena za d\u00edlo pova\u017euje za uhrazenou okam\u017eikem p\u0159ips\u00e1n\u00ed p\u0159\u00edslu\u0161n\u00e9 \u010d\u00e1stky ve prosp\u011bch \u00fa\u010dtu zhotovitele, uveden\u00e9ho na da\u0148ov\u00e9m dokladu. V p\u0159\u00edpad\u011b, \u017ee se klient ocitne v prodlen\u00ed se zaplacen\u00edm ceny za d\u00edlo nebo jej\u00ed \u010d\u00e1sti, je povinen zaplatit smluvn\u00ed pokutu ve v\u00fd\u0161i 0,05 % z dlu\u017en\u00e9 \u010d\u00e1stky za ka\u017ed\u00fd zapo\u010dat\u00fd den prodlen\u00ed.<\/h3>\n\n\n\n<h3><strong>V. P\u0159evzet\u00ed d\u00edla<\/strong><\/h3>\n\n\n\n<h3>D\u00edlo bude p\u0159eb\u00edr\u00e1no postupn\u011b nebo bude p\u0159evzato jednor\u00e1zov\u011b. <\/h3>\n\n\n\n<h3><em>Postupn\u011b<\/em> &#8211; d\u00edlo je p\u0159eb\u00edr\u00e1no postupn\u011b, kdy Zhotovitel zas\u00edl\u00e1 grafick\u00fd n\u00e1vrh v jednotliv\u00fdch f\u00e1z\u00edch Klientovi b\u011bhem jejich spolupr\u00e1ce v prost\u0159ed\u00ed chatu na messengeru.  Na messengeru spolu v\u0161e komunikuj\u00ed, Zhotovitel pos\u00edl\u00e1 tipy, n\u00e1pady, inspirace, odkazy na n\u00e1bytek a vybaven\u00ed, a tak\u00e9 pr\u016fb\u011b\u017en\u011b pos\u00edl\u00e1 n\u00e1hledy n\u00e1vrhu ve 3D ke schv\u00e1len\u00ed a p\u0159ipom\u00ednk\u00e1m. Klient tak\u00e9 m\u016f\u017ee pos\u00edlat odkazy, inspirace apod. a vyjad\u0159uje sv\u00e9 po\u017eadavky, p\u0159ipom\u00ednky a p\u0159\u00e1n\u00ed.<\/h3>\n\n\n\n<h3><em>Jednor\u00e1zov\u011b<\/em> &#8211; u jednor\u00e1zov\u00e9ho p\u0159evzet\u00ed n\u00e1vrh prob\u00edh\u00e1 jen v re\u017eii Zhotovitele, kter\u00fd hotov\u00e9 d\u00edlo zas\u00edl\u00e1 Klientovi na e-mail. <\/h3>\n\n\n\n<h3>Zhotovitel odpov\u00edd\u00e1 za to, \u017ee p\u0159edm\u011bt d\u00edla bude m\u00edt vlastnosti obvykl\u00e9, jako\u017e i \u017ee d\u00edlo nem\u00e1 pr\u00e1vn\u00ed vady.<\/h3>\n\n\n\n<h3>Pr\u00e1vo nep\u0159evz\u00edt d\u00edlo, pokud nebude v podstatn\u00fdch bodech odpov\u00eddat sjednan\u00fdm parametr\u016fm m\u016f\u017ee klient v p\u0159\u00edpad\u011b, kdy se jedn\u00e1 o vyhotoven\u00ed n\u00e1vrhu s jednor\u00e1zov\u00fdm p\u0159evzet\u00edm.<\/h3>\n\n\n\n<h3>V p\u0159\u00edpad\u011b prodlen\u00ed klienta s p\u0159evzet\u00edm d\u00edla je povinen uhradit smluvn\u00ed pokutu ve v\u00fd\u0161i 0,05 % z ceny d\u00edla za ka\u017ed\u00fd zapo\u010dat\u00fd den prodlen\u00ed s t\u00edm, \u017ee pr\u00e1vo na n\u00e1hradu \u0161kody nen\u00ed dot\u010deno.<\/h3>\n\n\n\n<h3><strong>VI. Doba k proveden\u00ed d\u00edla<\/strong><\/h3>\n\n\n\n<h3>Zhotovitel provede d\u00edlo ve sjednan\u00e9 lh\u016ft\u011b; pokud nebyla lh\u016fta sjedn\u00e1na, v p\u0159im\u011b\u0159en\u00e9 lh\u016ft\u011b. Lh\u016fta se prodlu\u017euje o dobu prodlen\u00ed objednatele s \u00fahradou jak\u00e9koliv \u010d\u00e1sti ceny d\u00edla.<\/h3>\n\n\n\n<h3><strong>VII. Mo\u017enost odstoupen\u00ed od smlouvy<\/strong><\/h3>\n\n\n\n<h3>Zhotovitel je opr\u00e1vn\u011bn odstoupit od smlouvy, pokud bude klient v prodlen\u00ed s \u00fahradou jak\u00e9koliv \u010d\u00e1sti ceny d\u00edla dle objedn\u00e1vky. <\/h3>\n\n\n\n<h3>Klient je opr\u00e1vn\u011bn od smlouvy odstoupit v p\u0159\u00edpadech stanoven\u00fdch pr\u00e1vn\u00edmi p\u0159edpisy.<\/h3>\n\n\n\n<h3>Klientovi poskytuje Zhotovitel mo\u017enost kdykoli ukon\u010dit spolupr\u00e1ci, a to v p\u0159\u00edpad\u011b Postupn\u011b p\u0159eb\u00edran\u00e9ho d\u00edla, p\u0159i\u010dem\u017e se Klient zavazuje zaplatit za d\u00edlo, kter\u00e9 bylo dosud Zhotovitelem pro Klienta vykon\u00e1no.<\/h3>\n\n\n\n<h3>V p\u0159\u00edpad\u011b Jednor\u00e1zov\u00e9ho p\u0159evzet\u00ed d\u00edla je klient p\u0159i odstoupen\u00ed od smlouvy povinen uhradit, nen\u00ed-li z\u00e1konem stanoveno jinak, cenu d\u00edla pon\u00ed\u017eenou o hodnotu dosud neproveden\u00fdch prac\u00ed. <\/h3>\n\n\n\n<h3><strong>VIII. Autorsk\u00e1 pr\u00e1va<\/strong><\/h3>\n\n\n\n<h3>Grafick\u00fd n\u00e1vrh, kter\u00fd bude zpracov\u00e1n na z\u00e1klad\u011b objedn\u00e1vky, podl\u00e9h\u00e1 ochran\u011b ve smyslu autorsk\u00e9ho z\u00e1kona. Zhotovitel je opr\u00e1vn\u011bn vykon\u00e1vat ve\u0161ker\u00e1 pr\u00e1va k d\u00edlu, jako\u017e i d\u00edlo neomezen\u011b u\u017e\u00edt. Klient nez\u00edsk\u00e1v\u00e1 jakoukoliv v\u00fdhradn\u00ed licenci k d\u00edlu. Podnikatel m\u016f\u017ee tak\u00e9 nap\u0159. pou\u017e\u00edt fotografie d\u00edla k reklamn\u00edm \u00fa\u010del\u016fm a prezentaci sv\u00e9 aktivity jak ve form\u011b elektronick\u00e9, tak ti\u0161t\u011bn\u00e9.<\/h3>\n\n\n\n<h3><strong>IX. Ochrana osobn\u00edch dat<\/strong><\/h3>\n\n\n\n<h3>Zhotovitel zpracov\u00e1v\u00e1 osobn\u00ed \u00fadaje klient\u016f v souladu s Na\u0159\u00edzen\u00edm Evropsk\u00e9ho parlamentu a Rady (EU) 2016\/679 ze dne 27.4.2016. Podnikatel je opr\u00e1vn\u011bn v\u00e9st evidenci o v\u00fdkonu poradenstv\u00ed v oblasti interi\u00e9rov\u00e9ho designu. Evidenc\u00ed se rozum\u00ed p\u00edsemnosti, emailov\u00e9 komunikace a datov\u00e9 soubory, kter\u00e9 z\u016fst\u00e1vaj\u00ed Podnikateli pro jeho pot\u0159ebu. Zhotovitel zpracov\u00e1v\u00e1 osobn\u00ed \u00fadaje Klienta, je-li fyzickou osobou pro \u00fa\u010dely nab\u00edzen\u00ed dal\u0161\u00edch slu\u017eeb na z\u00e1klad\u011b opr\u00e1vn\u011bn\u00e9ho z\u00e1jmu spo\u010d\u00edvaj\u00edc\u00edho v propagaci vlastn\u00edch slu\u017eeb, a to dobu po dobu poskytov\u00e1n\u00ed poradenstv\u00ed klientovi a n\u00e1sledn\u011b dal\u0161\u00ed 3 roky od objedn\u00e1vky. <\/h3>\n\n\n\n<h3>Osobn\u00ed \u00fadaje: <\/h3>\n\n\n\n<h3>Jm\u00e9na, p\u0159\u00edjmen\u00ed<br>Adresy trval\u00e9ho bydli\u0161t\u011b<br>Adresa, kde se realizuje projekt<br>E-mail<br>Mobil<br>Bankovn\u00ed \u00fa\u010det<br>I\u010c<\/h3>\n\n\n\n<h3>Osobn\u00ed \u00fadaje zpracov\u00e1van\u00e9 Zhotovitelem mohou b\u00fdt podle pokyn\u016f Klienta p\u0159ed\u00e1ny org\u00e1n\u016fm finan\u010dn\u00ed a celn\u00ed spr\u00e1vy \u010di \u010cesk\u00e9ho statistick\u00e9ho \u00fa\u0159adu. Osoby uveden\u00e9 v \u010dl\u00e1nku 3 maj\u00ed pr\u00e1vo vy\u017e\u00e1dat si p\u0159\u00edstup ke zpracov\u00e1van\u00fdm, osobn\u00edm \u00fadaj\u016fm, zejm\u00e9na z\u00edskat informace o jejich zpracov\u00e1n\u00ed, p\u0159\u00edpadn\u011b kopii osobn\u00edch \u00fadaj\u016f, je\u017e se jich t\u00fdkaj\u00ed. Maj\u00ed pr\u00e1vo na v\u00fdmaz osobn\u00edch \u00fadaj\u016f, je\u017e se jich t\u00fdkaj\u00ed, zejm\u00e9na chyb\u00ed-li pr\u00e1vn\u00ed z\u00e1klad pro jejich zpracov\u00e1n\u00ed. Osoby uveden\u00e9 v \u010dl\u00e1nku 3 maj\u00ed pr\u00e1vo podat proti zpracov\u00e1n\u00ed osobn\u00edch \u00fadaj\u016f Zhotovitelem st\u00ed\u017enost u \u00da\u0159adu pro ochranu osobn\u00edch \u00fadaj\u016f. Bez pokyn\u016f Klienta nen\u00ed Podnikatel opr\u00e1vn\u011bn k p\u0159ed\u00e1n\u00ed osobn\u00edch \u00fadaj\u016f mimo Evropsk\u00fd hospod\u00e1\u0159sk\u00fd prostor nebo mezin\u00e1rodn\u00ed organizaci. Zhotovitel p\u0159ijal a udr\u017euje p\u0159im\u011b\u0159en\u00e1 technick\u00e1 a organiza\u010dn\u00ed opat\u0159en\u00ed, aby nemohlo doj\u00edt k neopr\u00e1vn\u011bn\u00e9mu nebo nahodil\u00e9mu p\u0159\u00edstupu k osobn\u00edm \u00fadaj\u016fm, k jejich zm\u011bn\u011b, zni\u010den\u00ed \u010di ztr\u00e1t\u011b, neopr\u00e1vn\u011bn\u00fdm p\u0159enos\u016fm, k jejich jin\u00e9mu neopr\u00e1vn\u011bn\u00e9mu zpracov\u00e1n\u00ed, jako\u017e i k jin\u00e9mu zneu\u017eit\u00ed osobn\u00edch \u00fadaj\u016f. Zhotovitel zajist\u00ed, aby se osoby opr\u00e1vn\u011bn\u00e9 zpracov\u00e1vat osobn\u00ed \u00fadaje (\u00fa\u010detn\u00ed firma) zav\u00e1zaly k ml\u010denlivosti. Souhlas m\u016f\u017ee klient kdykoliv p\u00edsemn\u011b odvolat na adrese lenkamartincova@seznam.cz.<\/h3>\n\n\n\n<h3><strong>X. Z\u00e1v\u011bre\u010dn\u00e1 ustanoven\u00ed<\/strong><\/h3>\n\n\n\n<h3><strong>Tyto v\u0161eobecn\u00e9 obchodn\u00ed podm\u00ednky se t\u00fdkaj\u00ed vztah\u016f souvisej\u00edc\u00edch s objedn\u00e1vkou n\u00e1vrhu interi\u00e9ru.<\/strong><\/h3>\n\n\n\n<h3><strong>Tyto v\u0161eobecn\u00e9 obchodn\u00ed podm\u00ednky nab\u00fdvaj\u00ed \u00fa\u010dinnosti dnem 1.1.2024.<\/strong><\/h3>\n\n\n\n<p><\/p>\n\n\n\n<h3><strong>SOUHLAS SE ZPRACOV\u00c1N\u00cdM OSOBN\u00cdCH \u00daDAJ\u016e<\/strong><\/h3>\n\n\n\n<h3>V souvislosti s nov\u00fdm evropsk\u00fdm na\u0159\u00edzen\u00edm o ochran\u011b osobn\u00edch \u00fadaj\u016f (GDPR)V\u00e1s pros\u00edm o vyj\u00e1d\u0159en\u00ed Va\u0161eho souhlasu se zpracov\u00e1n\u00edm Va\u0161ich osobn\u00edch \u00fadaj\u016f. \u00da\u010delem nov\u00e9ho evropsk\u00e9ho na\u0159\u00edzen\u00ed je v\u011bt\u0161\u00ed ochrana Va\u0161ich osobn\u00edch \u00fadaj\u016f a V\u00e1\u0161 v\u011bt\u0161\u00ed p\u0159ehled o jejich zpracov\u00e1n\u00ed a Va\u0161ich pr\u00e1vech. S platnost\u00ed od 25. kv\u011btna 2018 s ka\u017edou p\u0159ijatou objedn\u00e1vkou ud\u011blujete souhlas ke zpracov\u00e1n\u00ed Va\u0161ich osobn\u00edch \u00fadaj\u016f. Va\u0161e osobn\u00ed \u00fadaje jsou pou\u017e\u00edv\u00e1ny jen ke zpracov\u00e1n\u00ed projektu ( tzn.jm\u00e9no, adresa, tel.\u010d\u00edslo). Va\u0161e osobn\u00ed \u00fadaje nejsou pou\u017e\u00edv\u00e1ny k \u017e\u00e1dn\u00e9mu jin\u00e9mu \u00fa\u010delu. Pokud tedy u m\u011b objedn\u00e1te, d\u00e1v\u00e1te mi t\u00edm souhlas se zpracov\u00e1n\u00edm Va\u0161ich osobn\u00edch \u00fadaj\u016f. <strong>Spr\u00e1vcem osobn\u00edch \u00fadaj\u016f podle \u010dl. 4 bod 7 na\u0159\u00edzen\u00ed Evropsk\u00e9ho parlamentu a Rady (EU) 2016\/679 o ochran\u011b fyzick\u00fdch osob v souvislosti se zpracov\u00e1n\u00edm osobn\u00edch \u00fadaj\u016f a o voln\u00e9m pohybu t\u011bchto \u00fadaj\u016f (d\u00e1le jen: &#8222;GDPR&#8220;) je Lenka Martincov\u00e1 I\u010cO: 09109021<\/strong><\/h3>\n\n\n\n<h3 class=\"has-medium-font-size\"><strong>Reklama\u010dn\u00ed \u0159\u00e1d pro poskytov\u00e1n\u00ed slu\u017eeb<\/strong><\/h3>\n\n\n\n<h3>Tento Reklama\u010dn\u00ed \u0159\u00e1d upravuje zp\u016fsob a podm\u00ednky reklamace slu\u017eeb objednan\u00fdch prost\u0159ednictv\u00edm on-line obchodu od moj\u00ed spole\u010dnosti Lenka Martincov\u00e1<br>se s\u00eddlem<br>Havl\u00ed\u010dkova 341, 277 35 M\u0161eno<br>I\u010c: 09109021<\/h3>\n\n\n\n<h3><strong>Adresa pro doru\u010dov\u00e1n\u00ed:<\/strong><br>Lenka Martincov\u00e1, Havl\u00ed\u010dkova 341, 277 35 M\u0161eno<br>Telefonn\u00ed \u010d\u00edslo: +420 774 84 94 86<br>Kontaktn\u00ed e-mail: lenkamartincova<a rel=\"noreferrer noopener\" href=\"mailto:pitelova.terka@seznam.cz\" target=\"_blank\">@seznam.cz<\/a><\/h3>\n\n\n\n<h3>&nbsp;&nbsp;&nbsp;&nbsp;&nbsp;&nbsp;&nbsp;&nbsp;&nbsp;&nbsp;&nbsp;&nbsp;&nbsp; ID datov\u00e9 schr\u00e1nky: cydwwtq&nbsp;&nbsp;&nbsp;&nbsp;&nbsp;&nbsp;&nbsp;&nbsp;&nbsp;&nbsp;&nbsp;&nbsp;&nbsp; <\/h3>\n\n\n\n<h3>Za jak\u00e9 vady poskytnut\u00fdch slu\u017eeb odpov\u00edd\u00e1me? Jako poskytovatel slu\u017eeb odpov\u00edd\u00e1me za to, \u017ee: <\/h3>\n\n\n\n<h3>&#8211; slu\u017eba odpov\u00edd\u00e1 jej\u00edmu popisu a \u017ee trv\u00e1 po uvedenou dobu, pokud byla stanovena<br>&#8211; slu\u017eba odpov\u00edd\u00e1 popisu na webov\u00e9m rozhran\u00ed, popisu obsa\u017een\u00e9mu v reklam\u011b nebo v na\u0161\u00ed komunikaci <br>&#8211; slu\u017eba je poskytnuta v dohodnut\u00e9m term\u00ednu a na dohodnut\u00e9m m\u00edst\u011b. <\/h3>\n\n\n\n<h3>Jak\u00e1 je z\u00e1ru\u010dn\u00ed doba poskytovan\u00e9 slu\u017eby? <\/h3>\n\n\n\n<h3>Poskytovan\u00e9 slu\u017eby je mo\u017en\u00e9 reklamovat v pr\u016fb\u011bhu jejich poskytov\u00e1n\u00ed. Skryt\u00e9 vady reklamujte bez zbyte\u010dn\u00e9ho odkladu po tom, co se o nich dozv\u00edte. Nejpozd\u011bji lze vadu slu\u017eby reklamovat do \u0161esti m\u011bs\u00edc\u016f od poskytnut\u00ed slu\u017eby. <\/h3>\n\n\n\n<h3>Jak\u00e1 pr\u00e1va z vadn\u00e9ho pln\u011bn\u00ed m\u00e1te? <\/h3>\n\n\n\n<h3>V p\u0159\u00edpad\u011b, \u017ee byla vadn\u011b poskytnuta slu\u017eba, m\u00e1te pr\u00e1vo na bezplatn\u00e9 odstran\u011bn\u00ed t\u00e9to vady slu\u017eby. Nelze-li vadu slu\u017eby takto odstranit, m\u00e1te pr\u00e1vo na p\u0159im\u011b\u0159enou slevu z ceny slu\u017eby. <\/h3>\n\n\n\n<h3>Kdy nelze pr\u00e1va z vadn\u00e9ho pln\u011bn\u00ed uplatnit? <\/h3>\n\n\n\n<p>Pr\u00e1va z vadn\u00e9ho pln\u011bn\u00ed V\u00e1m nen\u00e1le\u017e\u00ed, pokud:<br>&#8211; jste o vad\u011b p\u0159ed poskytnut\u00edm slu\u017eby v\u011bd\u011bli;<br>&#8211; jste vadu sami zp\u016fsobili, zejm\u00e9na poru\u0161en\u00edm V\u0161eobecn\u00fdch obchodn\u00edch podm\u00ednek pro poskytov\u00e1n\u00ed slu\u017eeb a pr\u00e1vn\u00edch p\u0159edpis\u016f<\/p>\n\n\n\n<p>Jak postupovat p\u0159i reklamaci? <\/p>\n\n\n\n<h3>Reklamaci u n\u00e1s uplatn\u011bte bez zbyte\u010dn\u00e9ho odkladu od zji\u0161t\u011bn\u00ed vady.<br>Reklamaci lze uplatnit \u00fastn\u011b v pr\u016fb\u011bhu poskytov\u00e1n\u00ed slu\u017eby, a d\u00e1le v\u017edy telefonicky, e-mailem \u010di p\u00edsemn\u011b, a to tak, \u017ee vadu ozna\u010d\u00edte nebo ozn\u00e1m\u00edte, jak se projevuje.<br>Okam\u017eikem uplatn\u011bn\u00ed reklamace je okam\u017eik, kdy n\u00e1m byl ozn\u00e1men v\u00fdskyt vady a uplatn\u011bno pr\u00e1vo z odpov\u011bdnosti za vady poskytnut\u00e9 slu\u017eby.<br>Doru\u010den\u00e9 reklamace vy\u0159izujeme bez zbyte\u010dn\u00e9ho odkladu, nejpozd\u011bji v\u0161ak do 30 dn\u016f ode dne uplatn\u011bn\u00ed reklamace, pokud se nedohodneme jinak. O uplatn\u011bn\u00ed a vy\u0159\u00edzen\u00ed reklamace V\u00e1m vystav\u00edme p\u00edsemn\u00e9 potvrzen\u00ed.<br>V p\u0159\u00edpad\u011b sporn\u00e9 reklamace rozhodneme o jej\u00edm p\u0159ijet\u00ed do t\u0159\u00ed pracovn\u00edch dn\u016f ode dne uplatn\u011bn\u00ed reklamace. <strong>Tento Reklama\u010dn\u00ed \u0159\u00e1d je platn\u00fd a \u00fa\u010dinn\u00fd od 1.1.2024.<\/strong><\/h3>\n\n\n\n<div class=\"wp-container-69e2f87cebeb3 wp-block-group\"><div class=\"wp-block-group__inner-container\"><\/div><\/div>\n\n\n\n<p><\/p>\n\n\n\n<p><\/p>\n\n\n\n<p><\/p>","protected":false},"excerpt":{"rendered":"<p>\u00da\u010dtuji si K\u010d 450,- za hodinu Pro p\u0159edstavu: St\u0159edn\u011b velk\u00fd pokoj &#8211; v\u011bt\u0161inou \u00fa\u010dtuji kolem K\u010d 3500,-. Z\u00e1le\u017e\u00ed na po\u017eadovan\u00e9m po\u010dtu variant. Kuchy\u0148 s ob\u00fdvac\u00edm pokojem &#8211; v\u011bt\u0161inou \u00fa\u010dtuji kolem K\u010d 8000,- &#8211; z\u00e1le\u017e\u00ed na velikosti a po\u017eadovan\u00e9m po\u010dtu variant. Ceny za jednodu\u0161\u0161\u00ed vizualizace vhodn\u00e9 pouze pro p\u0159edstavu o rozm\u00edst\u011bn\u00ed n\u00e1bytku a rozvod\u016f jsou cca &hellip; <\/p>\n<p class=\"link-more\"><a href=\"https:\/\/vizualizace2d3d.cz\/en\/cenik\/\" class=\"more-link\">Continue reading<span class=\"screen-reader-text\"> &#8222;Cen\u00edk&#8220;<\/span><\/a><\/p>","protected":false},"author":1,"featured_media":0,"parent":0,"menu_order":0,"comment_status":"closed","ping_status":"closed","template":"","meta":[],"_links":{"self":[{"href":"https:\/\/vizualizace2d3d.cz\/en\/wp-json\/wp\/v2\/pages\/44"}],"collection":[{"href":"https:\/\/vizualizace2d3d.cz\/en\/wp-json\/wp\/v2\/pages"}],"about":[{"href":"https:\/\/vizualizace2d3d.cz\/en\/wp-json\/wp\/v2\/types\/page"}],"author":[{"embeddable":true,"href":"https:\/\/vizualizace2d3d.cz\/en\/wp-json\/wp\/v2\/users\/1"}],"replies":[{"embeddable":true,"href":"https:\/\/vizualizace2d3d.cz\/en\/wp-json\/wp\/v2\/comments?post=44"}],"version-history":[{"count":88,"href":"https:\/\/vizualizace2d3d.cz\/en\/wp-json\/wp\/v2\/pages\/44\/revisions"}],"predecessor-version":[{"id":1788,"href":"https:\/\/vizualizace2d3d.cz\/en\/wp-json\/wp\/v2\/pages\/44\/revisions\/1788"}],"wp:attachment":[{"href":"https:\/\/vizualizace2d3d.cz\/en\/wp-json\/wp\/v2\/media?parent=44"}],"curies":[{"name":"wp","href":"https:\/\/api.w.org\/{rel}","templated":true}]}}